{"id":92,"date":"2025-06-25T14:42:39","date_gmt":"2025-06-25T14:42:39","guid":{"rendered":"https:\/\/meraherb.vn\/?post_type=product&#038;p=92"},"modified":"2025-06-25T14:42:39","modified_gmt":"2025-06-25T14:42:39","slug":"kem-nut-got-chan-chai-san-medicosh-callucare-50ml","status":"publish","type":"product","link":"https:\/\/meraherb.vn\/?product=kem-nut-got-chan-chai-san-medicosh-callucare-50ml","title":{"rendered":"Kem N\u1ee9t G\u00f3t Ch\u00e2n &#038; Chai S\u1ea1n Medicosh Callucare &#8211; 50ml"},"content":{"rendered":"<p class=\"QN2lPu\">MEDICOSH CALLUCARE D\u00c0NH CHO AI?<\/p>\n<p class=\"QN2lPu\">\u2022 Ng\u01b0\u1eddi b\u1ecb n\u1ee9t n\u1ebb g\u00f3t ch\u00e2n<\/p>\n<p class=\"QN2lPu\">\u2022 V\u00f9ng da d\u00e0y s\u1eebng, chai s\u1ea1n, th\u00f4 r\u00e1p \u1edf g\u00f3t ch\u00e2n, m\u1eaft c\u00e1 ch\u00e2n, mu b\u00e0n ch\u00e2n, khu\u1ef7u tay&#8230;<\/p>\n<p class=\"QN2lPu\">\u2022 Da kh\u00f4, n\u1ee9t n\u1ebb, bong tr\u00f3c<\/p>\n<p class=\"QN2lPu\">\n<p class=\"QN2lPu\">N\u1ee9t g\u00f3t ch\u00e2n th\u01b0\u1eddng do nhi\u1ec1u nguy\u00ean nh\u00e2n kh\u00e1c nhau, bao g\u1ed3m c\u1ea3 y\u1ebfu t\u1ed1 b\u00ean trong v\u00e0 b\u00ean ngo\u00e0i. D\u01b0\u1edbi \u0111\u00e2y l\u00e0 nh\u1eefng nguy\u00ean nh\u00e2n ph\u1ed5 bi\u1ebfn nh\u1ea5t:<\/p>\n<p class=\"QN2lPu\">1. Da kh\u00f4 v\u00e0 m\u1ea5t n\u01b0\u1edbc<\/p>\n<p class=\"QN2lPu\">&#8211; Da kh\u00f4ng \u0111\u01b0\u1ee3c cung c\u1ea5p \u0111\u1ee7 \u0111\u1ed9 \u1ea9m, nh\u1ea5t l\u00e0 trong m\u00f9a l\u1ea1nh ho\u1eb7c kh\u00f4 hanh.<\/p>\n<p class=\"QN2lPu\">&#8211; Kh\u00f4ng ch\u0103m s\u00f3c, d\u01b0\u1ee1ng \u1ea9m cho v\u00f9ng g\u00f3t ch\u00e2n th\u01b0\u1eddng xuy\u00ean.<\/p>\n<p class=\"QN2lPu\">2. Thi\u1ebfu d\u01b0\u1ee1ng ch\u1ea5t<\/p>\n<p class=\"QN2lPu\">&#8211; Thi\u1ebfu vitamin A, E, v\u00e0 c\u00e1c axit b\u00e9o thi\u1ebft y\u1ebfu l\u00e0m da tr\u1edf n\u00ean kh\u00f4 v\u00e0 d\u1ec5 n\u1ee9t n\u1ebb.<\/p>\n<p class=\"QN2lPu\">&#8211; Ch\u1ebf \u0111\u1ed9 \u0103n u\u1ed1ng kh\u00f4ng c\u00e2n \u0111\u1ed1i.<\/p>\n<p class=\"QN2lPu\">3. Th\u00f3i quen sinh ho\u1ea1t<\/p>\n<p class=\"QN2lPu\">&#8211; \u0110i ch\u00e2n tr\u1ea7n tr\u00ean b\u1ec1 m\u1eb7t c\u1ee9ng ho\u1eb7c th\u01b0\u1eddng xuy\u00ean \u0111i gi\u00e0y d\u00e9p h\u1edf g\u00f3t.<\/p>\n<p class=\"QN2lPu\">&#8211; T\u1eafm n\u01b0\u1edbc n\u00f3ng th\u01b0\u1eddng xuy\u00ean ho\u1eb7c ng\u00e2m ch\u00e2n qu\u00e1 l\u00e2u.<\/p>\n<p class=\"QN2lPu\">4. \u00c1p l\u1ef1c l\u00ean g\u00f3t ch\u00e2n<\/p>\n<p class=\"QN2lPu\">&#8211; \u0110\u1ee9ng l\u00e2u ho\u1eb7c \u0111i l\u1ea1i nhi\u1ec1u, \u0111\u1eb7c bi\u1ec7t \u1edf nh\u1eefng ng\u01b0\u1eddi th\u1eeba c\u00e2n.<\/p>\n<p class=\"QN2lPu\">&#8211; Mang gi\u00e0y kh\u00f4ng ph\u00f9 h\u1ee3p, gi\u00e0y cao g\u00f3t ho\u1eb7c d\u00e9p qu\u00e1 m\u1ecfng.<\/p>\n<p class=\"QN2lPu\">5. L\u00e3o h\u00f3a da<\/p>\n<p class=\"QN2lPu\">&#8211; Tu\u1ed5i t\u00e1c l\u00e0m da m\u1ea5t \u0111\u1ed9 \u0111\u00e0n h\u1ed3i, d\u1ec5 kh\u00f4 v\u00e0 n\u1ee9t n\u1ebb h\u01a1n.<\/p>\n<p class=\"QN2lPu\">6. Y\u1ebfu t\u1ed1 th\u1eddi ti\u1ebft<\/p>\n<p class=\"QN2lPu\">&#8211; M\u00f9a \u0111\u00f4ng ho\u1eb7c kh\u00ed h\u1eadu kh\u00f4, hanh l\u00e0m m\u1ea5t \u0111\u1ed9 \u1ea9m t\u1ef1 nhi\u00ean c\u1ee7a da.<\/p>\n<p class=\"QN2lPu\">\n<p class=\"QN2lPu\">C\u00e1ch ph\u00f2ng ng\u1eeba:<\/p>\n<p class=\"QN2lPu\">&#8211; D\u01b0\u1ee1ng \u1ea9m th\u01b0\u1eddng xuy\u00ean, \u0111\u1eb7c bi\u1ec7t l\u00e0 v\u00f9ng g\u00f3t ch\u00e2n.<\/p>\n<p class=\"QN2lPu\">&#8211; U\u1ed1ng \u0111\u1ee7 n\u01b0\u1edbc v\u00e0 b\u1ed5 sung vitamin c\u1ea7n thi\u1ebft.<\/p>\n<p class=\"QN2lPu\">&#8211; S\u1eed d\u1ee5ng kem n\u1ee9t g\u00f3t ch\u00e2n nh\u01b0\u00a0Medicosh Callucare\u00a0\u0111\u1ec3 b\u1ea3o v\u1ec7 v\u00e0 ph\u1ee5c h\u1ed3i da.<\/p>\n<p class=\"QN2lPu\">\n<p class=\"QN2lPu\">\u01afU \u0110I\u1ec2M S\u1ea2N PH\u1ea8M<\/p>\n<p class=\"QN2lPu\">\u0110i\u1ec3m kh\u00e1c bi\u1ec7t c\u1ee7a Callucare n\u1eb1m \u1edf c\u00f4ng th\u1ee9c t\u00e1c \u0111\u1ed9ng k\u00e9p v\u1edbi s\u1ef1 k\u1ebft h\u1ee3p c\u1ee7a C\u00f4ng ngh\u1ec7 Urea h\u00e0m l\u01b0\u1ee3ng cao v\u00e0 Th\u00e0nh ph\u1ea7n Bio h\u1eefu c\u01a1 gi\u00fap x\u1eed l\u00fd v\u00e0 ph\u1ee5c h\u1ed3i ho\u00e0n h\u1ea3o t\u00ecnh tr\u1ea1ng n\u1ee9t n\u1ebb, chai s\u1ea7n v\u00e0 th\u00f4 r\u00e1p t\u1ea1i c\u00e1c v\u1ecb tr\u00ed kh\u00e1c nhau tr\u00ean c\u01a1 th\u1ec3.<\/p>\n<p class=\"QN2lPu\">\n<p class=\"QN2lPu\">\u2022 Th\u00e0nh ph\u1ea7n Bio<\/p>\n<p class=\"QN2lPu\">&#8211; Ng\u1eeba khu\u1ea9n l\u1edbp da non m\u1edbi<\/p>\n<p class=\"QN2lPu\">&#8211; Gi\u1eef \u1ea9m m\u1ea1nh gi\u00fap da m\u1ec1m m\u1ea1i<\/p>\n<p class=\"QN2lPu\">&#8211; L\u00e0m s\u1ea1ch, kh\u1eed khu\u1ea9n, ch\u1ed1ng oxy ho\u00e1<\/p>\n<p class=\"QN2lPu\">&#8211; Kh\u1eed m\u00f9i v\u00e0 m\u1ed3 h\u00f4i ch\u00e2n<\/p>\n<p class=\"QN2lPu\">\n<p class=\"QN2lPu\">\u2022 Hi\u1ec7u qu\u1ea3 nhanh: C\u1ea3m nh\u1eadn \u0111\u01b0\u1ee3c hi\u1ec7u qu\u1ea3 r\u00f5 r\u1ec7t nh\u01b0 th\u1ea5y m\u1ec1m v\u00f9ng da d\u00e0y s\u1eebng ch\u1ec9 sau v\u00e0i ng\u00e0y s\u1eed d\u1ee5ng.<\/p>\n<p class=\"QN2lPu\">\u2022 D\u00f9ng \u0111\u01b0\u1ee3c \u1edf nhi\u1ec1u v\u1ecb tr\u00ed nh\u01b0 g\u00f3t ch\u00e2n, m\u1eaft c\u00e1 ch\u00e2n, ng\u00f3n ch\u00e2n, khu\u1ef7u tay, mu b\u00e0n tay\u2026<\/p>\n<p class=\"QN2lPu\">\u2022 M\u00f9i th\u01a1m d\u1ec5 ch\u1ecbu nh\u1edd c\u00e1c chi\u1ebft xu\u1ea5t h\u1eefu c\u01a1<\/p>\n<p class=\"QN2lPu\">\n<p class=\"QN2lPu\">\u2022 C\u00f4ng ngh\u1ec7 Urea<\/p>\n<p class=\"QN2lPu\">&#8211; T\u1ea9y t\u1ebf b\u00e0o ch\u1ebft<\/p>\n<p class=\"QN2lPu\">&#8211; Bong tr\u00f3c l\u1edbp s\u1eebng<\/p>\n<p class=\"QN2lPu\">&#8211; H\u00ecnh th\u00e0nh l\u1edbp da non m\u1edbi<\/p>\n<p class=\"QN2lPu\">\n<p class=\"QN2lPu\">C\u00d4NG D\u1ee4NG<\/p>\n<p class=\"QN2lPu\">\u2022 Gi\u00fap gi\u1ea3m t\u00ecnh tr\u1ea1ng n\u1ee9t g\u00f3t ch\u00e2n<\/p>\n<p class=\"QN2lPu\">\u2022 T\u1ea9y da ch\u1ebft, bong tr\u00f3c l\u1edbp da d\u00e0y s\u1eebng<\/p>\n<p class=\"QN2lPu\">\u2022 Gi\u00fap g\u00f3t ch\u00e2n m\u1ec1m m\u1ecbn, h\u1ed3ng g\u00f3t ch\u00e2n<\/p>\n<p class=\"QN2lPu\">\u2022 Kh\u1eed m\u00f9i v\u00e0 m\u1ed3 h\u00f4i ch\u00e2n<\/p>\n<p class=\"QN2lPu\">\n<p class=\"QN2lPu\">TH\u00c0NH PH\u1ea6N<\/p>\n<p class=\"QN2lPu\">\u2022 25% Urea, Salicylic Acid, Sodium Lactate, Chi\u1ebft Xu\u1ea5t C\u00e2y X\u00f4 Th\u01a1m H\u1eefu C\u01a1, Chi\u1ebft Xu\u1ea5t B\u1ea1c H\u00e0 H\u1eefu C\u01a1, Chi\u1ebft Xu\u1ea5t C\u1ecd X\u1ea1 H\u01b0\u01a1ng H\u1eefu C\u01a1.<\/p>\n<p class=\"QN2lPu\">\n<p class=\"QN2lPu\">H\u01af\u1edaNG D\u1eaaN S\u1eec D\u1ee4NG<\/p>\n<p class=\"QN2lPu\">\u2022 Thoa l\u00ean v\u00f9ng da kh\u00f4, th\u00f4 r\u00e1p ho\u1eb7c b\u1ecb n\u1ee9t t\u1eeb 2-3 l\u1ea7n m\u1ed7i ng\u00e0y v\u00e0 tr\u01b0\u1edbc khi \u0111i ng\u1ee7, ch\u00e0 x\u00e1t nh\u1eb9 nh\u00e0ng.<\/p>\n<p class=\"QN2lPu\">\u2022 N\u00ean thoa sau khi t\u1eafm ho\u1eb7c sau khi ng\u00e2m n\u01b0\u1edbc n\u00f3ng \u0111\u1ec3 mang l\u1ea1i hi\u1ec7u qu\u1ea3 t\u1ed1i \u01b0u.<\/p>\n<p class=\"QN2lPu\">\u2022 M\u1eb9o nh\u1ecf: B\u1ea1n c\u00f3 th\u1ec3 b\u1ecdc \u1ee7 sau khi thoa kem s\u1ebd gia t\u0103ng hi\u1ec7u qu\u1ea3 r\u1ea5t cao.<\/p>\n<p class=\"QN2lPu\">\n<p class=\"QN2lPu\">B\u1ea2O QU\u1ea2N<\/p>\n<p class=\"QN2lPu\">\u2022 B\u1ea3o qu\u1ea3n n\u01a1i kh\u00f4 r\u00e1o, tho\u00e1ng m\u00e1t, nhi\u1ec7t \u0111\u1ed9 15-30 \u0111\u1ed9 C, tr\u00e1nh \u00e1nh n\u1eafng tr\u1ef1c ti\u1ebfp. Tr\u00e1nh xa t\u1ea7m tay tr\u1ebb em.<\/p>\n<p class=\"QN2lPu\">\u2022 \u0110\u1ecdc k\u1ef9 h\u01b0\u1edbng d\u1eabn s\u1eed d\u1ee5ng tr\u01b0\u1edbc khi d\u00f9ng.<\/p>\n<p class=\"QN2lPu\">\n<p class=\"QN2lPu\">#Callucare #MedicoshCallucare #KemNutGotChanCallucare #KemNutGotChan #ChaiGotChan #NutGotChan<\/p>\n","protected":false},"excerpt":{"rendered":"<p>MEDICOSH CALLUCARE D\u00c0NH CHO AI? \u2022 Ng\u01b0\u1eddi b\u1ecb n\u1ee9t n\u1ebb g\u00f3t ch\u00e2n \u2022 V\u00f9ng da d\u00e0y s\u1eebng, chai s\u1ea1n, th\u00f4 r\u00e1p \u1edf g\u00f3t ch\u00e2n, m\u1eaft c\u00e1 ch\u00e2n, mu b\u00e0n ch\u00e2n, khu\u1ef7u tay&#8230; \u2022 Da kh\u00f4, n\u1ee9t n\u1ebb, bong tr\u00f3c N\u1ee9t g\u00f3t ch\u00e2n th\u01b0\u1eddng do nhi\u1ec1u nguy\u00ean nh\u00e2n kh\u00e1c nhau, bao g\u1ed3m c\u1ea3 y\u1ebfu t\u1ed1 b\u00ean [&hellip;]<\/p>\n","protected":false},"featured_media":93,"comment_status":"open","ping_status":"closed","template":"","meta":[],"product_brand":[21],"product_cat":[20],"product_tag":[],"class_list":{"0":"post-92","1":"product","2":"type-product","3":"status-publish","4":"has-post-thumbnail","6":"product_brand-medicosh","7":"product_cat-cham-soc-co-the","9":"first","10":"instock","11":"sale","12":"taxable","13":"shipping-taxable","14":"purchasable","15":"product-type-simple"},"_links":{"self":[{"href":"https:\/\/meraherb.vn\/index.php?rest_route=\/wp\/v2\/product\/92","targetHints":{"allow":["GET"]}}],"collection":[{"href":"https:\/\/meraherb.vn\/index.php?rest_route=\/wp\/v2\/product"}],"about":[{"href":"https:\/\/meraherb.vn\/index.php?rest_route=\/wp\/v2\/types\/product"}],"replies":[{"embeddable":true,"href":"https:\/\/meraherb.vn\/index.php?rest_route=%2Fwp%2Fv2%2Fcomments&post=92"}],"version-history":[{"count":0,"href":"https:\/\/meraherb.vn\/index.php?rest_route=\/wp\/v2\/product\/92\/revisions"}],"wp:featuredmedia":[{"embeddable":true,"href":"https:\/\/meraherb.vn\/index.php?rest_route=\/wp\/v2\/media\/93"}],"wp:attachment":[{"href":"https:\/\/meraherb.vn\/index.php?rest_route=%2Fwp%2Fv2%2Fmedia&parent=92"}],"wp:term":[{"taxonomy":"product_brand","embeddable":true,"href":"https:\/\/meraherb.vn\/index.php?rest_route=%2Fwp%2Fv2%2Fproduct_brand&post=92"},{"taxonomy":"product_cat","embeddable":true,"href":"https:\/\/meraherb.vn\/index.php?rest_route=%2Fwp%2Fv2%2Fproduct_cat&post=92"},{"taxonomy":"product_tag","embeddable":true,"href":"https:\/\/meraherb.vn\/index.php?rest_route=%2Fwp%2Fv2%2Fproduct_tag&post=92"}],"curies":[{"name":"wp","href":"https:\/\/api.w.org\/{rel}","templated":true}]}}